{"id":834,"date":"2024-09-23T16:31:25","date_gmt":"2024-09-23T16:31:25","guid":{"rendered":"https:\/\/vez-am.hr\/?page_id=834"},"modified":"2025-01-25T22:57:28","modified_gmt":"2025-01-25T22:57:28","slug":"o-nama-vez-am-usluge-dijamantnog-rezanja-betona-specijalizirane-usluge-dijamantnog-rezanja-i-busenja","status":"publish","type":"page","link":"https:\/\/vez-am.hr\/?page_id=834","title":{"rendered":"O nama"},"content":{"rendered":"\t\t<div data-elementor-type=\"wp-page\" data-elementor-id=\"834\" class=\"elementor elementor-834\" data-elementor-post-type=\"page\">\n\t\t\t\t<div class=\"elementor-element elementor-element-701ddb4 e-flex e-con-boxed e-con e-parent\" data-id=\"701ddb4\" data-element_type=\"container\" data-settings=\"{&quot;background_background&quot;:&quot;classic&quot;,&quot;ekit_has_onepagescroll_dot&quot;:&quot;yes&quot;}\">\n\t\t\t\t\t<div class=\"e-con-inner\">\n\t\t\t\t<div class=\"elementor-element elementor-element-6c4ed17 e-transform elementor-hidden-desktop elementor-hidden-tablet elementor-widget elementor-widget-heading\" data-id=\"6c4ed17\" data-element_type=\"widget\" data-settings=\"{&quot;_transform_translateX_effect_mobile&quot;:{&quot;unit&quot;:&quot;px&quot;,&quot;size&quot;:79,&quot;sizes&quot;:[]},&quot;_transform_translateY_effect_mobile&quot;:{&quot;unit&quot;:&quot;px&quot;,&quot;size&quot;:60,&quot;sizes&quot;:[]},&quot;ekit_we_effect_on&quot;:&quot;none&quot;,&quot;_transform_translateX_effect&quot;:{&quot;unit&quot;:&quot;px&quot;,&quot;size&quot;:&quot;&quot;,&quot;sizes&quot;:[]},&quot;_transform_translateX_effect_tablet&quot;:{&quot;unit&quot;:&quot;px&quot;,&quot;size&quot;:&quot;&quot;,&quot;sizes&quot;:[]},&quot;_transform_translateY_effect&quot;:{&quot;unit&quot;:&quot;px&quot;,&quot;size&quot;:&quot;&quot;,&quot;sizes&quot;:[]},&quot;_transform_translateY_effect_tablet&quot;:{&quot;unit&quot;:&quot;px&quot;,&quot;size&quot;:&quot;&quot;,&quot;sizes&quot;:[]}}\" data-widget_type=\"heading.default\">\n\t\t\t\t<div class=\"elementor-widget-container\">\n\t\t\t\t\t<h2 class=\"elementor-heading-title elementor-size-default\">O nama<\/h2>\t\t\t\t<\/div>\n\t\t\t\t<\/div>\n\t\t\t\t\t<\/div>\n\t\t\t\t<\/div>\n\t\t<div class=\"elementor-element elementor-element-f22aa07 e-flex e-con-boxed e-con e-parent\" data-id=\"f22aa07\" data-element_type=\"container\" data-settings=\"{&quot;ekit_has_onepagescroll_dot&quot;:&quot;yes&quot;}\">\n\t\t\t\t\t<div class=\"e-con-inner\">\n\t\t\t\t<div class=\"elementor-element elementor-element-13e1ed5 elementor-hidden-mobile elementor-widget elementor-widget-heading\" data-id=\"13e1ed5\" data-element_type=\"widget\" data-settings=\"{&quot;ekit_we_effect_on&quot;:&quot;none&quot;}\" data-widget_type=\"heading.default\">\n\t\t\t\t<div class=\"elementor-widget-container\">\n\t\t\t\t\t<h2 class=\"elementor-heading-title elementor-size-default\">O nama<\/h2>\t\t\t\t<\/div>\n\t\t\t\t<\/div>\n\t\t\t\t\t<\/div>\n\t\t\t\t<\/div>\n\t\t<div class=\"elementor-element elementor-element-968e533 e-flex e-con-boxed e-con e-parent\" data-id=\"968e533\" data-element_type=\"container\" data-settings=\"{&quot;ekit_has_onepagescroll_dot&quot;:&quot;yes&quot;}\">\n\t\t\t\t\t<div class=\"e-con-inner\">\n\t\t\t\t<div class=\"elementor-element elementor-element-21ec053 elementor-widget elementor-widget-text-editor\" data-id=\"21ec053\" data-element_type=\"widget\" data-settings=\"{&quot;ekit_we_effect_on&quot;:&quot;none&quot;}\" data-widget_type=\"text-editor.default\">\n\t\t\t\t<div class=\"elementor-widget-container\">\n\t\t\t\t\t\t\t\t\t<p><strong>Vez-am<\/strong> nudi specijalizirane usluge <strong>dijamantnog rezanja i bu\u0161enja<\/strong> armiranog betona, kao i svih drugih vrsta betona, kamena i cigle.<\/p><p>Velika prednost rezanja i bu\u0161enja ovim metodama je o\u010duvanje sigurnosti obra\u0111enog materijala, jer proces ne stvara vibracije koje bi mogle izazvati pukotine.<\/p><p>Koristimo vrhunske strojeve dostupne na tr\u017ei\u0161tu, koji zahtijevaju trofaznu struju i vodu za rezanje. Za bu\u0161enje koristimo strojeve koji rade na monofaznu struju i vodu.<\/p><p>Tijekom rada s ovim strojevima koristimo odgovaraju\u0107e za\u0161tite te usisava\u010de za vodu, kako bismo osigurali \u010disto\u0107u i sigurnost na radili\u0161tu.<\/p><p><strong>Dijamantnim bu\u0161ilicama<\/strong> mo\u017eemo bu\u0161iti sve vrste zidova, s mogu\u0107no\u0161\u0107u bu\u0161enja do promjera \u00d8 350 mm i dubine od 2 metra. Po dogovoru, mogu\u0107e je bu\u0161enje do dubine od 6 metara.<\/p><p><strong>Dijamantnim pilanjem<\/strong> izvodimo sve vrste otvora (prozori, vrata, proboji), kao i uklanjanje balkona, nadstre\u0161nica, stepenica i armiranih plo\u010da.<\/p><p>Prednost<strong> dijamantnog pilanja<\/strong> je njegova svestranost, jer se mo\u017ee izvoditi na vertikalnim zidovima i na horizontalnim povr\u0161inama.<\/p>\t\t\t\t\t\t\t\t<\/div>\n\t\t\t\t<\/div>\n\t\t\t\t\t<\/div>\n\t\t\t\t<\/div>\n\t\t<div class=\"elementor-element elementor-element-c9a4d3e e-flex e-con-boxed e-con e-parent\" data-id=\"c9a4d3e\" data-element_type=\"container\" data-settings=\"{&quot;ekit_has_onepagescroll_dot&quot;:&quot;yes&quot;}\">\n\t\t\t\t\t<div class=\"e-con-inner\">\n\t\t\t\t<div class=\"elementor-element elementor-element-546bce2 elementor-widget elementor-widget-gallery\" data-id=\"546bce2\" data-element_type=\"widget\" data-settings=\"{&quot;columns&quot;:3,&quot;lazyload&quot;:&quot;yes&quot;,&quot;gallery_layout&quot;:&quot;grid&quot;,&quot;columns_tablet&quot;:2,&quot;columns_mobile&quot;:1,&quot;gap&quot;:{&quot;unit&quot;:&quot;px&quot;,&quot;size&quot;:10,&quot;sizes&quot;:[]},&quot;gap_tablet&quot;:{&quot;unit&quot;:&quot;px&quot;,&quot;size&quot;:10,&quot;sizes&quot;:[]},&quot;gap_mobile&quot;:{&quot;unit&quot;:&quot;px&quot;,&quot;size&quot;:10,&quot;sizes&quot;:[]},&quot;link_to&quot;:&quot;file&quot;,&quot;aspect_ratio&quot;:&quot;3:2&quot;,&quot;content_hover_animation&quot;:&quot;fade-in&quot;,&quot;ekit_we_effect_on&quot;:&quot;none&quot;}\" data-widget_type=\"gallery.default\">\n\t\t\t\t<div class=\"elementor-widget-container\">\n\t\t\t\t\t\t\t<div class=\"elementor-gallery__container\">\n\t\t\t\t\t\t\t<a class=\"e-gallery-item elementor-gallery-item elementor-animated-content\" href=\"https:\/\/vez-am.hr\/wp-content\/uploads\/2024\/09\/8-20HF-vaggsag_22221-945x1024-1.jpg\" data-elementor-open-lightbox=\"yes\" data-elementor-lightbox-slideshow=\"546bce2\" data-elementor-lightbox-title=\"8-20HF-vaggsag_22221-945x1024\" data-e-action-hash=\"#elementor-action%3Aaction%3Dlightbox%26settings%3DeyJpZCI6OTQ4LCJ1cmwiOiJodHRwczpcL1wvdmV6LWFtLmhyXC93cC1jb250ZW50XC91cGxvYWRzXC8yMDI0XC8wOVwvOC0yMEhGLXZhZ2dzYWdfMjIyMjEtOTQ1eDEwMjQtMS5qcGciLCJzbGlkZXNob3ciOiI1NDZiY2UyIn0%3D\">\n\t\t\t\t\t<div class=\"e-gallery-image elementor-gallery-item__image\" data-thumbnail=\"https:\/\/vez-am.hr\/wp-content\/uploads\/2024\/09\/8-20HF-vaggsag_22221-945x1024-1.jpg\" data-width=\"945\" data-height=\"1024\" aria-label=\"\" role=\"img\" ><\/div>\n\t\t\t\t\t\t\t\t\t\t\t\t\t\t<\/a>\n\t\t\t\t\t\t\t<a class=\"e-gallery-item elementor-gallery-item elementor-animated-content\" href=\"https:\/\/vez-am.hr\/wp-content\/uploads\/2024\/09\/Wall-saw_64.jpg\" data-elementor-open-lightbox=\"yes\" data-elementor-lightbox-slideshow=\"546bce2\" data-elementor-lightbox-title=\"Wall-saw_64\" data-e-action-hash=\"#elementor-action%3Aaction%3Dlightbox%26settings%3DeyJpZCI6OTQzLCJ1cmwiOiJodHRwczpcL1wvdmV6LWFtLmhyXC93cC1jb250ZW50XC91cGxvYWRzXC8yMDI0XC8wOVwvV2FsbC1zYXdfNjQuanBnIiwic2xpZGVzaG93IjoiNTQ2YmNlMiJ9\">\n\t\t\t\t\t<div class=\"e-gallery-image elementor-gallery-item__image\" data-thumbnail=\"https:\/\/vez-am.hr\/wp-content\/uploads\/2024\/09\/Wall-saw_64.jpg\" data-width=\"2000\" data-height=\"1333\" aria-label=\"\" role=\"img\" ><\/div>\n\t\t\t\t\t\t\t\t\t\t\t\t\t\t<\/a>\n\t\t\t\t\t\t\t<a class=\"e-gallery-item elementor-gallery-item elementor-animated-content\" href=\"https:\/\/vez-am.hr\/wp-content\/uploads\/2024\/09\/worker-using-diamond-saw-blade-machine-cutting-concrete-road-construction-site-1-scaled.jpg\" data-elementor-open-lightbox=\"yes\" data-elementor-lightbox-slideshow=\"546bce2\" data-elementor-lightbox-title=\"Worker using diamond saw blade machine cutting concrete road at\" data-e-action-hash=\"#elementor-action%3Aaction%3Dlightbox%26settings%3DeyJpZCI6ODc1LCJ1cmwiOiJodHRwczpcL1wvdmV6LWFtLmhyXC93cC1jb250ZW50XC91cGxvYWRzXC8yMDI0XC8wOVwvd29ya2VyLXVzaW5nLWRpYW1vbmQtc2F3LWJsYWRlLW1hY2hpbmUtY3V0dGluZy1jb25jcmV0ZS1yb2FkLWNvbnN0cnVjdGlvbi1zaXRlLTEtc2NhbGVkLmpwZyIsInNsaWRlc2hvdyI6IjU0NmJjZTIifQ%3D%3D\">\n\t\t\t\t\t<div class=\"e-gallery-image elementor-gallery-item__image\" data-thumbnail=\"https:\/\/vez-am.hr\/wp-content\/uploads\/2024\/09\/worker-using-diamond-saw-blade-machine-cutting-concrete-road-construction-site-1-scaled.jpg\" data-width=\"2560\" data-height=\"1706\" aria-label=\"\" role=\"img\" ><\/div>\n\t\t\t\t\t\t\t\t\t\t\t\t\t\t<\/a>\n\t\t\t\t\t\t\t<a class=\"e-gallery-item elementor-gallery-item elementor-animated-content\" href=\"https:\/\/vez-am.hr\/wp-content\/uploads\/2024\/09\/worker-cutting-concrete-road-with-diamond-saw-blade-machine-1-scaled.jpg\" data-elementor-open-lightbox=\"yes\" data-elementor-lightbox-slideshow=\"546bce2\" data-elementor-lightbox-title=\"Worker cutting concrete road with diamond saw blade machine\" data-e-action-hash=\"#elementor-action%3Aaction%3Dlightbox%26settings%3DeyJpZCI6ODc2LCJ1cmwiOiJodHRwczpcL1wvdmV6LWFtLmhyXC93cC1jb250ZW50XC91cGxvYWRzXC8yMDI0XC8wOVwvd29ya2VyLWN1dHRpbmctY29uY3JldGUtcm9hZC13aXRoLWRpYW1vbmQtc2F3LWJsYWRlLW1hY2hpbmUtMS1zY2FsZWQuanBnIiwic2xpZGVzaG93IjoiNTQ2YmNlMiJ9\">\n\t\t\t\t\t<div class=\"e-gallery-image elementor-gallery-item__image\" data-thumbnail=\"https:\/\/vez-am.hr\/wp-content\/uploads\/2024\/09\/worker-cutting-concrete-road-with-diamond-saw-blade-machine-1-scaled.jpg\" data-width=\"2560\" data-height=\"1707\" aria-label=\"\" role=\"img\" ><\/div>\n\t\t\t\t\t\t\t\t\t\t\t\t\t\t<\/a>\n\t\t\t\t\t\t\t<a class=\"e-gallery-item elementor-gallery-item elementor-animated-content\" href=\"https:\/\/vez-am.hr\/wp-content\/uploads\/2024\/09\/low-section-man-working-street-scaled-1.jpg\" data-elementor-open-lightbox=\"yes\" data-elementor-lightbox-slideshow=\"546bce2\" data-elementor-lightbox-title=\"low-section-man-working-street-scaled.jpg\" data-e-action-hash=\"#elementor-action%3Aaction%3Dlightbox%26settings%3DeyJpZCI6ODU4LCJ1cmwiOiJodHRwczpcL1wvdmV6LWFtLmhyXC93cC1jb250ZW50XC91cGxvYWRzXC8yMDI0XC8wOVwvbG93LXNlY3Rpb24tbWFuLXdvcmtpbmctc3RyZWV0LXNjYWxlZC0xLmpwZyIsInNsaWRlc2hvdyI6IjU0NmJjZTIifQ%3D%3D\">\n\t\t\t\t\t<div class=\"e-gallery-image elementor-gallery-item__image\" data-thumbnail=\"https:\/\/vez-am.hr\/wp-content\/uploads\/2024\/09\/low-section-man-working-street-scaled-1.jpg\" data-width=\"2560\" data-height=\"1614\" aria-label=\"\" role=\"img\" ><\/div>\n\t\t\t\t\t\t\t\t\t\t\t\t\t\t<\/a>\n\t\t\t\t\t\t\t<a class=\"e-gallery-item elementor-gallery-item elementor-animated-content\" href=\"https:\/\/vez-am.hr\/wp-content\/uploads\/2024\/09\/image-4.jpg\" data-elementor-open-lightbox=\"yes\" data-elementor-lightbox-slideshow=\"546bce2\" data-elementor-lightbox-title=\"image-4.jpg\" data-e-action-hash=\"#elementor-action%3Aaction%3Dlightbox%26settings%3DeyJpZCI6ODcwLCJ1cmwiOiJodHRwczpcL1wvdmV6LWFtLmhyXC93cC1jb250ZW50XC91cGxvYWRzXC8yMDI0XC8wOVwvaW1hZ2UtNC5qcGciLCJzbGlkZXNob3ciOiI1NDZiY2UyIn0%3D\">\n\t\t\t\t\t<div class=\"e-gallery-image elementor-gallery-item__image\" data-thumbnail=\"https:\/\/vez-am.hr\/wp-content\/uploads\/2024\/09\/image-4.jpg\" data-width=\"1500\" data-height=\"1000\" aria-label=\"\" role=\"img\" ><\/div>\n\t\t\t\t\t\t\t\t\t\t\t\t\t\t<\/a>\n\t\t\t\t\t<\/div>\n\t\t\t\t\t<\/div>\n\t\t\t\t<\/div>\n\t\t\t\t\t<\/div>\n\t\t\t\t<\/div>\n\t\t\t\t<\/div>\n\t\t","protected":false},"excerpt":{"rendered":"<p>Vez-am nudi specijalizirane usluge dijamantnog rezanja i bu\u0161enja armiranog betona, kao i svih drugih vrsta betona, kamena i cigle.Velika prednost rezanja i bu\u0161enja ovim metodama je o\u010duvanje sigurnosti obra\u0111enog materijala, jer proces ne stvara vibracije koje bi mogle izazvati pukotine.<br \/>\nKoristimo vrhunske strojeve dostupne na tr\u017ei\u0161tu, koji zahtijevaju trofaznu struju i vodu za rezanje. Za bu\u0161enje koristimo strojeve koji rade na monofaznu struju i vodu.Tijekom rada s ovim strojevima koristimo odgovaraju\u0107e za\u0161tite te usisava\u010de za vodu, kako bismo osigurali \u010disto\u0107u i sigurnost na radili\u0161tu.Dijamantnim bu\u0161ilicama mo\u017eemo bu\u0161iti sve vrste zidova, s mogu\u0107no\u0161\u0107u bu\u0161enja do promjera \u00d8 350 mm i dubine od 2 metra. Po dogovoru, mogu\u0107e je bu\u0161enje do dubine od 6 metara.Dijamantnim pilanjem izvodimo sve vrste otvora (prozori, vrata, proboji), kao i uklanjanje balkona, nadstre\u0161nica, stepenica i armiranih plo\u010da.Prednost dijamantnog pilanja je njegova svestranost, jer se mo\u017ee izvoditi na vertikalnim zidovima i na horizontalnim povr\u0161inama.<\/p>\n","protected":false},"author":1,"featured_media":875,"parent":0,"menu_order":0,"comment_status":"closed","ping_status":"closed","template":"","meta":{"footnotes":""},"class_list":["post-834","page","type-page","status-publish","has-post-thumbnail","hentry"],"_links":{"self":[{"href":"https:\/\/vez-am.hr\/index.php?rest_route=\/wp\/v2\/pages\/834","targetHints":{"allow":["GET"]}}],"collection":[{"href":"https:\/\/vez-am.hr\/index.php?rest_route=\/wp\/v2\/pages"}],"about":[{"href":"https:\/\/vez-am.hr\/index.php?rest_route=\/wp\/v2\/types\/page"}],"author":[{"embeddable":true,"href":"https:\/\/vez-am.hr\/index.php?rest_route=\/wp\/v2\/users\/1"}],"replies":[{"embeddable":true,"href":"https:\/\/vez-am.hr\/index.php?rest_route=%2Fwp%2Fv2%2Fcomments&post=834"}],"version-history":[{"count":1,"href":"https:\/\/vez-am.hr\/index.php?rest_route=\/wp\/v2\/pages\/834\/revisions"}],"predecessor-version":[{"id":1163,"href":"https:\/\/vez-am.hr\/index.php?rest_route=\/wp\/v2\/pages\/834\/revisions\/1163"}],"wp:featuredmedia":[{"embeddable":true,"href":"https:\/\/vez-am.hr\/index.php?rest_route=\/wp\/v2\/media\/875"}],"wp:attachment":[{"href":"https:\/\/vez-am.hr\/index.php?rest_route=%2Fwp%2Fv2%2Fmedia&parent=834"}],"curies":[{"name":"wp","href":"https:\/\/api.w.org\/{rel}","templated":true}]}}