{"id":1176,"date":"2025-01-25T23:09:42","date_gmt":"2025-01-25T23:09:42","guid":{"rendered":"https:\/\/vez-am.hr\/?page_id=1176"},"modified":"2025-01-25T23:18:01","modified_gmt":"2025-01-25T23:18:01","slug":"galerija","status":"publish","type":"page","link":"https:\/\/vez-am.hr\/?page_id=1176","title":{"rendered":"Galerija"},"content":{"rendered":"\t\t<div data-elementor-type=\"wp-page\" data-elementor-id=\"1176\" class=\"elementor elementor-1176\" data-elementor-post-type=\"page\">\n\t\t\t\t<div class=\"elementor-element elementor-element-bdfde1a e-flex e-con-boxed e-con e-parent\" data-id=\"bdfde1a\" data-element_type=\"container\" data-settings=\"{&quot;ekit_has_onepagescroll_dot&quot;:&quot;yes&quot;}\">\n\t\t\t\t\t<div class=\"e-con-inner\">\n\t\t\t\t<div class=\"elementor-element elementor-element-1880d0b elementor-widget elementor-widget-gallery\" data-id=\"1880d0b\" data-element_type=\"widget\" data-settings=\"{&quot;lazyload&quot;:&quot;yes&quot;,&quot;gallery_layout&quot;:&quot;grid&quot;,&quot;columns&quot;:4,&quot;columns_tablet&quot;:2,&quot;columns_mobile&quot;:1,&quot;gap&quot;:{&quot;unit&quot;:&quot;px&quot;,&quot;size&quot;:10,&quot;sizes&quot;:[]},&quot;gap_tablet&quot;:{&quot;unit&quot;:&quot;px&quot;,&quot;size&quot;:10,&quot;sizes&quot;:[]},&quot;gap_mobile&quot;:{&quot;unit&quot;:&quot;px&quot;,&quot;size&quot;:10,&quot;sizes&quot;:[]},&quot;link_to&quot;:&quot;file&quot;,&quot;aspect_ratio&quot;:&quot;3:2&quot;,&quot;overlay_background&quot;:&quot;yes&quot;,&quot;content_hover_animation&quot;:&quot;fade-in&quot;,&quot;ekit_we_effect_on&quot;:&quot;none&quot;}\" data-widget_type=\"gallery.default\">\n\t\t\t\t<div class=\"elementor-widget-container\">\n\t\t\t\t\t\t\t<div class=\"elementor-gallery__container\">\n\t\t\t\t\t\t\t<a class=\"e-gallery-item elementor-gallery-item elementor-animated-content\" href=\"https:\/\/vez-am.hr\/wp-content\/uploads\/2025\/01\/fde95cbf-2dc3-4cbf-a6a3-97aa5a182c4a.jpg\" data-elementor-open-lightbox=\"yes\" data-elementor-lightbox-slideshow=\"1880d0b\" data-elementor-lightbox-title=\"Dijamanto rezanje i bu\u0161enje betona\" data-elementor-lightbox-description=\"Dijamanto rezanje i bu\u0161enje betona\n\n\" data-e-action-hash=\"#elementor-action%3Aaction%3Dlightbox%26settings%3DeyJpZCI6MTE3MSwidXJsIjoiaHR0cHM6XC9cL3Zlei1hbS5oclwvd3AtY29udGVudFwvdXBsb2Fkc1wvMjAyNVwvMDFcL2ZkZTk1Y2JmLTJkYzMtNGNiZi1hNmEzLTk3YWE1YTE4MmM0YS5qcGciLCJzbGlkZXNob3ciOiIxODgwZDBiIn0%3D\">\n\t\t\t\t\t<div class=\"e-gallery-image elementor-gallery-item__image\" data-thumbnail=\"https:\/\/vez-am.hr\/wp-content\/uploads\/2025\/01\/fde95cbf-2dc3-4cbf-a6a3-97aa5a182c4a-208x300.jpg\" data-width=\"208\" data-height=\"300\" aria-label=\"Dijamanto rezanje i bu\u0161enje betona\" role=\"img\" ><\/div>\n\t\t\t\t\t\t\t\t\t\t\t<div class=\"elementor-gallery-item__overlay\"><\/div>\n\t\t\t\t\t\t\t\t\t\t\t\t\t\t<\/a>\n\t\t\t\t\t\t\t<a class=\"e-gallery-item elementor-gallery-item elementor-animated-content\" href=\"https:\/\/vez-am.hr\/wp-content\/uploads\/2025\/01\/f9bb7c52-842c-4e0e-a28d-3cd0dff17542.jpg\" data-elementor-open-lightbox=\"yes\" data-elementor-lightbox-slideshow=\"1880d0b\" data-elementor-lightbox-title=\"Dijamanto rezanje i bu\u0161enje betona\" data-e-action-hash=\"#elementor-action%3Aaction%3Dlightbox%26settings%3DeyJpZCI6MTE3MiwidXJsIjoiaHR0cHM6XC9cL3Zlei1hbS5oclwvd3AtY29udGVudFwvdXBsb2Fkc1wvMjAyNVwvMDFcL2Y5YmI3YzUyLTg0MmMtNGUwZS1hMjhkLTNjZDBkZmYxNzU0Mi5qcGciLCJzbGlkZXNob3ciOiIxODgwZDBiIn0%3D\">\n\t\t\t\t\t<div class=\"e-gallery-image elementor-gallery-item__image\" data-thumbnail=\"https:\/\/vez-am.hr\/wp-content\/uploads\/2025\/01\/f9bb7c52-842c-4e0e-a28d-3cd0dff17542-169x300.jpg\" data-width=\"169\" data-height=\"300\" aria-label=\"Dijamanto rezanje i bu\u0161enje betona\" role=\"img\" ><\/div>\n\t\t\t\t\t\t\t\t\t\t\t<div class=\"elementor-gallery-item__overlay\"><\/div>\n\t\t\t\t\t\t\t\t\t\t\t\t\t\t<\/a>\n\t\t\t\t\t\t\t<a class=\"e-gallery-item elementor-gallery-item elementor-animated-content\" href=\"https:\/\/vez-am.hr\/wp-content\/uploads\/2025\/01\/5e76ff43-c469-416f-9b16-5748c5cdcdaa.jpg\" data-elementor-open-lightbox=\"yes\" data-elementor-lightbox-slideshow=\"1880d0b\" data-elementor-lightbox-title=\"Dijamanto rezanje i bu\u0161enje betona\" data-elementor-lightbox-description=\"Dijamanto rezanje i bu\u0161enje betona\n\n\" data-e-action-hash=\"#elementor-action%3Aaction%3Dlightbox%26settings%3DeyJpZCI6MTE4MSwidXJsIjoiaHR0cHM6XC9cL3Zlei1hbS5oclwvd3AtY29udGVudFwvdXBsb2Fkc1wvMjAyNVwvMDFcLzVlNzZmZjQzLWM0NjktNDE2Zi05YjE2LTU3NDhjNWNkY2RhYS5qcGciLCJzbGlkZXNob3ciOiIxODgwZDBiIn0%3D\">\n\t\t\t\t\t<div class=\"e-gallery-image elementor-gallery-item__image\" data-thumbnail=\"https:\/\/vez-am.hr\/wp-content\/uploads\/2025\/01\/5e76ff43-c469-416f-9b16-5748c5cdcdaa-135x300.jpg\" data-width=\"135\" data-height=\"300\" aria-label=\"Dijamanto rezanje i bu\u0161enje betona\" role=\"img\" ><\/div>\n\t\t\t\t\t\t\t\t\t\t\t<div class=\"elementor-gallery-item__overlay\"><\/div>\n\t\t\t\t\t\t\t\t\t\t\t\t\t\t<\/a>\n\t\t\t\t\t\t\t<a class=\"e-gallery-item elementor-gallery-item elementor-animated-content\" href=\"https:\/\/vez-am.hr\/wp-content\/uploads\/2025\/01\/7b009a99-549c-43b6-becd-251aa680724c.jpg\" data-elementor-open-lightbox=\"yes\" data-elementor-lightbox-slideshow=\"1880d0b\" data-elementor-lightbox-title=\"Dijamanto rezanje i bu\u0161enje betona\" data-elementor-lightbox-description=\"Dijamanto rezanje i bu\u0161enje betona\n\n\" data-e-action-hash=\"#elementor-action%3Aaction%3Dlightbox%26settings%3DeyJpZCI6MTE4MiwidXJsIjoiaHR0cHM6XC9cL3Zlei1hbS5oclwvd3AtY29udGVudFwvdXBsb2Fkc1wvMjAyNVwvMDFcLzdiMDA5YTk5LTU0OWMtNDNiNi1iZWNkLTI1MWFhNjgwNzI0Yy5qcGciLCJzbGlkZXNob3ciOiIxODgwZDBiIn0%3D\">\n\t\t\t\t\t<div class=\"e-gallery-image elementor-gallery-item__image\" data-thumbnail=\"https:\/\/vez-am.hr\/wp-content\/uploads\/2025\/01\/7b009a99-549c-43b6-becd-251aa680724c-135x300.jpg\" data-width=\"135\" data-height=\"300\" aria-label=\"Dijamanto rezanje i bu\u0161enje betona\" role=\"img\" ><\/div>\n\t\t\t\t\t\t\t\t\t\t\t<div class=\"elementor-gallery-item__overlay\"><\/div>\n\t\t\t\t\t\t\t\t\t\t\t\t\t\t<\/a>\n\t\t\t\t\t\t\t<a class=\"e-gallery-item elementor-gallery-item elementor-animated-content\" href=\"https:\/\/vez-am.hr\/wp-content\/uploads\/2025\/01\/7d0ab49e-88d5-4144-bc76-65d520ebdb81.jpg\" data-elementor-open-lightbox=\"yes\" data-elementor-lightbox-slideshow=\"1880d0b\" data-elementor-lightbox-title=\"Dijamanto rezanje i bu\u0161enje betona\" data-elementor-lightbox-description=\"Dijamanto rezanje i bu\u0161enje betona\n\n\" data-e-action-hash=\"#elementor-action%3Aaction%3Dlightbox%26settings%3DeyJpZCI6MTE4MywidXJsIjoiaHR0cHM6XC9cL3Zlei1hbS5oclwvd3AtY29udGVudFwvdXBsb2Fkc1wvMjAyNVwvMDFcLzdkMGFiNDllLTg4ZDUtNDE0NC1iYzc2LTY1ZDUyMGViZGI4MS5qcGciLCJzbGlkZXNob3ciOiIxODgwZDBiIn0%3D\">\n\t\t\t\t\t<div class=\"e-gallery-image elementor-gallery-item__image\" data-thumbnail=\"https:\/\/vez-am.hr\/wp-content\/uploads\/2025\/01\/7d0ab49e-88d5-4144-bc76-65d520ebdb81-135x300.jpg\" data-width=\"135\" data-height=\"300\" aria-label=\"Dijamanto rezanje i bu\u0161enje betona\" role=\"img\" ><\/div>\n\t\t\t\t\t\t\t\t\t\t\t<div class=\"elementor-gallery-item__overlay\"><\/div>\n\t\t\t\t\t\t\t\t\t\t\t\t\t\t<\/a>\n\t\t\t\t\t\t\t<a class=\"e-gallery-item elementor-gallery-item elementor-animated-content\" href=\"https:\/\/vez-am.hr\/wp-content\/uploads\/2025\/01\/7e016d3e-1b48-4d20-af9c-d898d3aaae7f.jpg\" data-elementor-open-lightbox=\"yes\" data-elementor-lightbox-slideshow=\"1880d0b\" data-elementor-lightbox-title=\"Dijamanto rezanje i bu\u0161enje betona\" data-elementor-lightbox-description=\"Dijamanto rezanje i bu\u0161enje betona\n\n\" data-e-action-hash=\"#elementor-action%3Aaction%3Dlightbox%26settings%3DeyJpZCI6MTE4NCwidXJsIjoiaHR0cHM6XC9cL3Zlei1hbS5oclwvd3AtY29udGVudFwvdXBsb2Fkc1wvMjAyNVwvMDFcLzdlMDE2ZDNlLTFiNDgtNGQyMC1hZjljLWQ4OThkM2FhYWU3Zi5qcGciLCJzbGlkZXNob3ciOiIxODgwZDBiIn0%3D\">\n\t\t\t\t\t<div class=\"e-gallery-image elementor-gallery-item__image\" data-thumbnail=\"https:\/\/vez-am.hr\/wp-content\/uploads\/2025\/01\/7e016d3e-1b48-4d20-af9c-d898d3aaae7f-169x300.jpg\" data-width=\"169\" data-height=\"300\" aria-label=\"Dijamanto rezanje i bu\u0161enje betona\" role=\"img\" ><\/div>\n\t\t\t\t\t\t\t\t\t\t\t<div class=\"elementor-gallery-item__overlay\"><\/div>\n\t\t\t\t\t\t\t\t\t\t\t\t\t\t<\/a>\n\t\t\t\t\t\t\t<a class=\"e-gallery-item elementor-gallery-item elementor-animated-content\" href=\"https:\/\/vez-am.hr\/wp-content\/uploads\/2025\/01\/18ffa945-ee51-4cb0-bca5-45de85918430.jpg\" data-elementor-open-lightbox=\"yes\" data-elementor-lightbox-slideshow=\"1880d0b\" data-elementor-lightbox-title=\"Dijamanto rezanje i bu\u0161enje betona\" data-elementor-lightbox-description=\"Dijamanto rezanje i bu\u0161enje betona\n\n\" data-e-action-hash=\"#elementor-action%3Aaction%3Dlightbox%26settings%3DeyJpZCI6MTE4NSwidXJsIjoiaHR0cHM6XC9cL3Zlei1hbS5oclwvd3AtY29udGVudFwvdXBsb2Fkc1wvMjAyNVwvMDFcLzE4ZmZhOTQ1LWVlNTEtNGNiMC1iY2E1LTQ1ZGU4NTkxODQzMC5qcGciLCJzbGlkZXNob3ciOiIxODgwZDBiIn0%3D\">\n\t\t\t\t\t<div class=\"e-gallery-image elementor-gallery-item__image\" data-thumbnail=\"https:\/\/vez-am.hr\/wp-content\/uploads\/2025\/01\/18ffa945-ee51-4cb0-bca5-45de85918430-135x300.jpg\" data-width=\"135\" data-height=\"300\" aria-label=\"Dijamanto rezanje i bu\u0161enje betona\" role=\"img\" ><\/div>\n\t\t\t\t\t\t\t\t\t\t\t<div class=\"elementor-gallery-item__overlay\"><\/div>\n\t\t\t\t\t\t\t\t\t\t\t\t\t\t<\/a>\n\t\t\t\t\t\t\t<a class=\"e-gallery-item elementor-gallery-item elementor-animated-content\" href=\"https:\/\/vez-am.hr\/wp-content\/uploads\/2025\/01\/44db7ae4-028c-4d65-8351-5a1658c237ff.jpg\" data-elementor-open-lightbox=\"yes\" data-elementor-lightbox-slideshow=\"1880d0b\" data-elementor-lightbox-title=\"Dijamanto rezanje i bu\u0161enje betona\" data-elementor-lightbox-description=\"Dijamanto rezanje i bu\u0161enje betona\n\n\" data-e-action-hash=\"#elementor-action%3Aaction%3Dlightbox%26settings%3DeyJpZCI6MTE4NiwidXJsIjoiaHR0cHM6XC9cL3Zlei1hbS5oclwvd3AtY29udGVudFwvdXBsb2Fkc1wvMjAyNVwvMDFcLzQ0ZGI3YWU0LTAyOGMtNGQ2NS04MzUxLTVhMTY1OGMyMzdmZi5qcGciLCJzbGlkZXNob3ciOiIxODgwZDBiIn0%3D\">\n\t\t\t\t\t<div class=\"e-gallery-image elementor-gallery-item__image\" data-thumbnail=\"https:\/\/vez-am.hr\/wp-content\/uploads\/2025\/01\/44db7ae4-028c-4d65-8351-5a1658c237ff-135x300.jpg\" data-width=\"135\" data-height=\"300\" aria-label=\"Dijamanto rezanje i bu\u0161enje betona\" role=\"img\" ><\/div>\n\t\t\t\t\t\t\t\t\t\t\t<div class=\"elementor-gallery-item__overlay\"><\/div>\n\t\t\t\t\t\t\t\t\t\t\t\t\t\t<\/a>\n\t\t\t\t\t\t\t<a class=\"e-gallery-item elementor-gallery-item elementor-animated-content\" href=\"https:\/\/vez-am.hr\/wp-content\/uploads\/2025\/01\/55b66f64-1ccd-4f46-aa18-ca1e52872ea4.jpg\" data-elementor-open-lightbox=\"yes\" data-elementor-lightbox-slideshow=\"1880d0b\" data-elementor-lightbox-title=\"Dijamanto rezanje i bu\u0161enje betona\" data-elementor-lightbox-description=\"Dijamanto rezanje i bu\u0161enje betona\n\n\" data-e-action-hash=\"#elementor-action%3Aaction%3Dlightbox%26settings%3DeyJpZCI6MTE4NywidXJsIjoiaHR0cHM6XC9cL3Zlei1hbS5oclwvd3AtY29udGVudFwvdXBsb2Fkc1wvMjAyNVwvMDFcLzU1YjY2ZjY0LTFjY2QtNGY0Ni1hYTE4LWNhMWU1Mjg3MmVhNC5qcGciLCJzbGlkZXNob3ciOiIxODgwZDBiIn0%3D\">\n\t\t\t\t\t<div class=\"e-gallery-image elementor-gallery-item__image\" data-thumbnail=\"https:\/\/vez-am.hr\/wp-content\/uploads\/2025\/01\/55b66f64-1ccd-4f46-aa18-ca1e52872ea4-135x300.jpg\" data-width=\"135\" data-height=\"300\" aria-label=\"Dijamanto rezanje i bu\u0161enje betona\" role=\"img\" ><\/div>\n\t\t\t\t\t\t\t\t\t\t\t<div class=\"elementor-gallery-item__overlay\"><\/div>\n\t\t\t\t\t\t\t\t\t\t\t\t\t\t<\/a>\n\t\t\t\t\t\t\t<a class=\"e-gallery-item elementor-gallery-item elementor-animated-content\" href=\"https:\/\/vez-am.hr\/wp-content\/uploads\/2025\/01\/65c17755-f92f-4d43-a910-e7a09671f85d.jpg\" data-elementor-open-lightbox=\"yes\" data-elementor-lightbox-slideshow=\"1880d0b\" data-elementor-lightbox-title=\"Dijamanto rezanje i bu\u0161enje betona\" data-elementor-lightbox-description=\"Dijamanto rezanje i bu\u0161enje betona\n\n\" data-e-action-hash=\"#elementor-action%3Aaction%3Dlightbox%26settings%3DeyJpZCI6MTE4OCwidXJsIjoiaHR0cHM6XC9cL3Zlei1hbS5oclwvd3AtY29udGVudFwvdXBsb2Fkc1wvMjAyNVwvMDFcLzY1YzE3NzU1LWY5MmYtNGQ0My1hOTEwLWU3YTA5NjcxZjg1ZC5qcGciLCJzbGlkZXNob3ciOiIxODgwZDBiIn0%3D\">\n\t\t\t\t\t<div class=\"e-gallery-image elementor-gallery-item__image\" data-thumbnail=\"https:\/\/vez-am.hr\/wp-content\/uploads\/2025\/01\/65c17755-f92f-4d43-a910-e7a09671f85d-135x300.jpg\" data-width=\"135\" data-height=\"300\" aria-label=\"Dijamanto rezanje i bu\u0161enje betona\" role=\"img\" ><\/div>\n\t\t\t\t\t\t\t\t\t\t\t<div class=\"elementor-gallery-item__overlay\"><\/div>\n\t\t\t\t\t\t\t\t\t\t\t\t\t\t<\/a>\n\t\t\t\t\t\t\t<a class=\"e-gallery-item elementor-gallery-item elementor-animated-content\" href=\"https:\/\/vez-am.hr\/wp-content\/uploads\/2025\/01\/67cffb71-ad92-45dd-bf07-9477e6b73a1c.jpg\" data-elementor-open-lightbox=\"yes\" data-elementor-lightbox-slideshow=\"1880d0b\" data-elementor-lightbox-title=\"Dijamanto rezanje i bu\u0161enje betona\" data-elementor-lightbox-description=\"Dijamanto rezanje i bu\u0161enje betona\n\n\" data-e-action-hash=\"#elementor-action%3Aaction%3Dlightbox%26settings%3DeyJpZCI6MTE4OSwidXJsIjoiaHR0cHM6XC9cL3Zlei1hbS5oclwvd3AtY29udGVudFwvdXBsb2Fkc1wvMjAyNVwvMDFcLzY3Y2ZmYjcxLWFkOTItNDVkZC1iZjA3LTk0NzdlNmI3M2ExYy5qcGciLCJzbGlkZXNob3ciOiIxODgwZDBiIn0%3D\">\n\t\t\t\t\t<div class=\"e-gallery-image elementor-gallery-item__image\" data-thumbnail=\"https:\/\/vez-am.hr\/wp-content\/uploads\/2025\/01\/67cffb71-ad92-45dd-bf07-9477e6b73a1c-225x300.jpg\" data-width=\"225\" data-height=\"300\" aria-label=\"Dijamanto rezanje i bu\u0161enje betona\" role=\"img\" ><\/div>\n\t\t\t\t\t\t\t\t\t\t\t<div class=\"elementor-gallery-item__overlay\"><\/div>\n\t\t\t\t\t\t\t\t\t\t\t\t\t\t<\/a>\n\t\t\t\t\t\t\t<a class=\"e-gallery-item elementor-gallery-item elementor-animated-content\" href=\"https:\/\/vez-am.hr\/wp-content\/uploads\/2025\/01\/529d1569-ded6-4621-883f-3d2d8b589ea2.jpg\" data-elementor-open-lightbox=\"yes\" data-elementor-lightbox-slideshow=\"1880d0b\" data-elementor-lightbox-title=\"Dijamanto rezanje i bu\u0161enje betona\" data-elementor-lightbox-description=\"Dijamanto rezanje i bu\u0161enje betona\n\n\" data-e-action-hash=\"#elementor-action%3Aaction%3Dlightbox%26settings%3DeyJpZCI6MTE5MCwidXJsIjoiaHR0cHM6XC9cL3Zlei1hbS5oclwvd3AtY29udGVudFwvdXBsb2Fkc1wvMjAyNVwvMDFcLzUyOWQxNTY5LWRlZDYtNDYyMS04ODNmLTNkMmQ4YjU4OWVhMi5qcGciLCJzbGlkZXNob3ciOiIxODgwZDBiIn0%3D\">\n\t\t\t\t\t<div class=\"e-gallery-image elementor-gallery-item__image\" data-thumbnail=\"https:\/\/vez-am.hr\/wp-content\/uploads\/2025\/01\/529d1569-ded6-4621-883f-3d2d8b589ea2-135x300.jpg\" data-width=\"135\" data-height=\"300\" aria-label=\"Dijamanto rezanje i bu\u0161enje betona\" role=\"img\" ><\/div>\n\t\t\t\t\t\t\t\t\t\t\t<div class=\"elementor-gallery-item__overlay\"><\/div>\n\t\t\t\t\t\t\t\t\t\t\t\t\t\t<\/a>\n\t\t\t\t\t\t\t<a class=\"e-gallery-item elementor-gallery-item elementor-animated-content\" href=\"https:\/\/vez-am.hr\/wp-content\/uploads\/2025\/01\/8436e3c2-2dd6-4777-afbd-a29b676f0b94.jpg\" data-elementor-open-lightbox=\"yes\" data-elementor-lightbox-slideshow=\"1880d0b\" data-elementor-lightbox-title=\"Dijamanto rezanje i bu\u0161enje betona\" data-elementor-lightbox-description=\"Dijamanto rezanje i bu\u0161enje betona\n\n\" data-e-action-hash=\"#elementor-action%3Aaction%3Dlightbox%26settings%3DeyJpZCI6MTE5MSwidXJsIjoiaHR0cHM6XC9cL3Zlei1hbS5oclwvd3AtY29udGVudFwvdXBsb2Fkc1wvMjAyNVwvMDFcLzg0MzZlM2MyLTJkZDYtNDc3Ny1hZmJkLWEyOWI2NzZmMGI5NC5qcGciLCJzbGlkZXNob3ciOiIxODgwZDBiIn0%3D\">\n\t\t\t\t\t<div class=\"e-gallery-image elementor-gallery-item__image\" data-thumbnail=\"https:\/\/vez-am.hr\/wp-content\/uploads\/2025\/01\/8436e3c2-2dd6-4777-afbd-a29b676f0b94-135x300.jpg\" data-width=\"135\" data-height=\"300\" aria-label=\"Dijamanto rezanje i bu\u0161enje betona\" role=\"img\" ><\/div>\n\t\t\t\t\t\t\t\t\t\t\t<div class=\"elementor-gallery-item__overlay\"><\/div>\n\t\t\t\t\t\t\t\t\t\t\t\t\t\t<\/a>\n\t\t\t\t\t\t\t<a class=\"e-gallery-item elementor-gallery-item elementor-animated-content\" href=\"https:\/\/vez-am.hr\/wp-content\/uploads\/2025\/01\/32292a20-2aa2-421e-a332-18b504b65426.jpg\" data-elementor-open-lightbox=\"yes\" data-elementor-lightbox-slideshow=\"1880d0b\" data-elementor-lightbox-title=\"Dijamanto rezanje i bu\u0161enje betona\" data-elementor-lightbox-description=\"Dijamanto rezanje i bu\u0161enje betona\n\n\" data-e-action-hash=\"#elementor-action%3Aaction%3Dlightbox%26settings%3DeyJpZCI6MTE5MiwidXJsIjoiaHR0cHM6XC9cL3Zlei1hbS5oclwvd3AtY29udGVudFwvdXBsb2Fkc1wvMjAyNVwvMDFcLzMyMjkyYTIwLTJhYTItNDIxZS1hMzMyLTE4YjUwNGI2NTQyNi5qcGciLCJzbGlkZXNob3ciOiIxODgwZDBiIn0%3D\">\n\t\t\t\t\t<div class=\"e-gallery-image elementor-gallery-item__image\" data-thumbnail=\"https:\/\/vez-am.hr\/wp-content\/uploads\/2025\/01\/32292a20-2aa2-421e-a332-18b504b65426-135x300.jpg\" data-width=\"135\" data-height=\"300\" aria-label=\"Dijamanto rezanje i bu\u0161enje betona\" role=\"img\" ><\/div>\n\t\t\t\t\t\t\t\t\t\t\t<div class=\"elementor-gallery-item__overlay\"><\/div>\n\t\t\t\t\t\t\t\t\t\t\t\t\t\t<\/a>\n\t\t\t\t\t\t\t<a class=\"e-gallery-item elementor-gallery-item elementor-animated-content\" href=\"https:\/\/vez-am.hr\/wp-content\/uploads\/2025\/01\/503296a8-b727-4351-b047-11b95b8fa21b.jpg\" data-elementor-open-lightbox=\"yes\" data-elementor-lightbox-slideshow=\"1880d0b\" data-elementor-lightbox-title=\"Dijamanto rezanje i bu\u0161enje betona\" data-elementor-lightbox-description=\"Dijamanto rezanje i bu\u0161enje betona\n\n\" data-e-action-hash=\"#elementor-action%3Aaction%3Dlightbox%26settings%3DeyJpZCI6MTE5NCwidXJsIjoiaHR0cHM6XC9cL3Zlei1hbS5oclwvd3AtY29udGVudFwvdXBsb2Fkc1wvMjAyNVwvMDFcLzUwMzI5NmE4LWI3MjctNDM1MS1iMDQ3LTExYjk1YjhmYTIxYi5qcGciLCJzbGlkZXNob3ciOiIxODgwZDBiIn0%3D\">\n\t\t\t\t\t<div class=\"e-gallery-image elementor-gallery-item__image\" data-thumbnail=\"https:\/\/vez-am.hr\/wp-content\/uploads\/2025\/01\/503296a8-b727-4351-b047-11b95b8fa21b-135x300.jpg\" data-width=\"135\" data-height=\"300\" aria-label=\"Dijamanto rezanje i bu\u0161enje betona\" role=\"img\" ><\/div>\n\t\t\t\t\t\t\t\t\t\t\t<div class=\"elementor-gallery-item__overlay\"><\/div>\n\t\t\t\t\t\t\t\t\t\t\t\t\t\t<\/a>\n\t\t\t\t\t\t\t<a class=\"e-gallery-item elementor-gallery-item elementor-animated-content\" href=\"https:\/\/vez-am.hr\/wp-content\/uploads\/2025\/01\/b09fe057-0998-47f9-89db-e11365a17738.jpg\" data-elementor-open-lightbox=\"yes\" data-elementor-lightbox-slideshow=\"1880d0b\" data-elementor-lightbox-title=\"Dijamanto rezanje i bu\u0161enje betona\" data-elementor-lightbox-description=\"Dijamanto rezanje i bu\u0161enje betona\n\n\" data-e-action-hash=\"#elementor-action%3Aaction%3Dlightbox%26settings%3DeyJpZCI6MTE5NSwidXJsIjoiaHR0cHM6XC9cL3Zlei1hbS5oclwvd3AtY29udGVudFwvdXBsb2Fkc1wvMjAyNVwvMDFcL2IwOWZlMDU3LTA5OTgtNDdmOS04OWRiLWUxMTM2NWExNzczOC5qcGciLCJzbGlkZXNob3ciOiIxODgwZDBiIn0%3D\">\n\t\t\t\t\t<div class=\"e-gallery-image elementor-gallery-item__image\" data-thumbnail=\"https:\/\/vez-am.hr\/wp-content\/uploads\/2025\/01\/b09fe057-0998-47f9-89db-e11365a17738-135x300.jpg\" data-width=\"135\" data-height=\"300\" aria-label=\"Dijamanto rezanje i bu\u0161enje betona\" role=\"img\" ><\/div>\n\t\t\t\t\t\t\t\t\t\t\t<div class=\"elementor-gallery-item__overlay\"><\/div>\n\t\t\t\t\t\t\t\t\t\t\t\t\t\t<\/a>\n\t\t\t\t\t\t\t<a class=\"e-gallery-item elementor-gallery-item elementor-animated-content\" href=\"https:\/\/vez-am.hr\/wp-content\/uploads\/2025\/01\/ba24b0bc-dff9-4857-a2c5-e823310b4176.jpg\" data-elementor-open-lightbox=\"yes\" data-elementor-lightbox-slideshow=\"1880d0b\" data-elementor-lightbox-title=\"Dijamanto rezanje i bu\u0161enje betona\" data-elementor-lightbox-description=\"Dijamanto rezanje i bu\u0161enje betona\n\n\" data-e-action-hash=\"#elementor-action%3Aaction%3Dlightbox%26settings%3DeyJpZCI6MTE5NiwidXJsIjoiaHR0cHM6XC9cL3Zlei1hbS5oclwvd3AtY29udGVudFwvdXBsb2Fkc1wvMjAyNVwvMDFcL2JhMjRiMGJjLWRmZjktNDg1Ny1hMmM1LWU4MjMzMTBiNDE3Ni5qcGciLCJzbGlkZXNob3ciOiIxODgwZDBiIn0%3D\">\n\t\t\t\t\t<div class=\"e-gallery-image elementor-gallery-item__image\" data-thumbnail=\"https:\/\/vez-am.hr\/wp-content\/uploads\/2025\/01\/ba24b0bc-dff9-4857-a2c5-e823310b4176-135x300.jpg\" data-width=\"135\" data-height=\"300\" aria-label=\"Dijamanto rezanje i bu\u0161enje betona\" role=\"img\" ><\/div>\n\t\t\t\t\t\t\t\t\t\t\t<div class=\"elementor-gallery-item__overlay\"><\/div>\n\t\t\t\t\t\t\t\t\t\t\t\t\t\t<\/a>\n\t\t\t\t\t\t\t<a class=\"e-gallery-item elementor-gallery-item elementor-animated-content\" href=\"https:\/\/vez-am.hr\/wp-content\/uploads\/2025\/01\/d1605fc8-307d-4e37-9e8c-145f00accbe7.jpg\" data-elementor-open-lightbox=\"yes\" data-elementor-lightbox-slideshow=\"1880d0b\" data-elementor-lightbox-title=\"Dijamanto rezanje i bu\u0161enje betona\" data-elementor-lightbox-description=\"Dijamanto rezanje i bu\u0161enje betona\n\n\" data-e-action-hash=\"#elementor-action%3Aaction%3Dlightbox%26settings%3DeyJpZCI6MTE5NywidXJsIjoiaHR0cHM6XC9cL3Zlei1hbS5oclwvd3AtY29udGVudFwvdXBsb2Fkc1wvMjAyNVwvMDFcL2QxNjA1ZmM4LTMwN2QtNGUzNy05ZThjLTE0NWYwMGFjY2JlNy5qcGciLCJzbGlkZXNob3ciOiIxODgwZDBiIn0%3D\">\n\t\t\t\t\t<div class=\"e-gallery-image elementor-gallery-item__image\" data-thumbnail=\"https:\/\/vez-am.hr\/wp-content\/uploads\/2025\/01\/d1605fc8-307d-4e37-9e8c-145f00accbe7-300x169.jpg\" data-width=\"300\" data-height=\"169\" aria-label=\"Dijamanto rezanje i bu\u0161enje betona\" role=\"img\" ><\/div>\n\t\t\t\t\t\t\t\t\t\t\t<div class=\"elementor-gallery-item__overlay\"><\/div>\n\t\t\t\t\t\t\t\t\t\t\t\t\t\t<\/a>\n\t\t\t\t\t\t\t<a class=\"e-gallery-item elementor-gallery-item elementor-animated-content\" href=\"https:\/\/vez-am.hr\/wp-content\/uploads\/2025\/01\/e002ee6f-7965-49d5-ba15-96b126481b3a.jpg\" data-elementor-open-lightbox=\"yes\" data-elementor-lightbox-slideshow=\"1880d0b\" data-elementor-lightbox-title=\"Dijamanto rezanje i bu\u0161enje betona\" data-elementor-lightbox-description=\"Dijamanto rezanje i bu\u0161enje betona\n\n\" data-e-action-hash=\"#elementor-action%3Aaction%3Dlightbox%26settings%3DeyJpZCI6MTE5OCwidXJsIjoiaHR0cHM6XC9cL3Zlei1hbS5oclwvd3AtY29udGVudFwvdXBsb2Fkc1wvMjAyNVwvMDFcL2UwMDJlZTZmLTc5NjUtNDlkNS1iYTE1LTk2YjEyNjQ4MWIzYS5qcGciLCJzbGlkZXNob3ciOiIxODgwZDBiIn0%3D\">\n\t\t\t\t\t<div class=\"e-gallery-image elementor-gallery-item__image\" data-thumbnail=\"https:\/\/vez-am.hr\/wp-content\/uploads\/2025\/01\/e002ee6f-7965-49d5-ba15-96b126481b3a-135x300.jpg\" data-width=\"135\" data-height=\"300\" aria-label=\"Dijamanto rezanje i bu\u0161enje betona\" role=\"img\" ><\/div>\n\t\t\t\t\t\t\t\t\t\t\t<div class=\"elementor-gallery-item__overlay\"><\/div>\n\t\t\t\t\t\t\t\t\t\t\t\t\t\t<\/a>\n\t\t\t\t\t\t\t<a class=\"e-gallery-item elementor-gallery-item elementor-animated-content\" href=\"https:\/\/vez-am.hr\/wp-content\/uploads\/2025\/01\/e027ff9c-1e16-45c1-a976-d2e56fcbe54b.jpg\" data-elementor-open-lightbox=\"yes\" data-elementor-lightbox-slideshow=\"1880d0b\" data-elementor-lightbox-title=\"Dijamanto rezanje i bu\u0161enje betona\" data-elementor-lightbox-description=\"Dijamanto rezanje i bu\u0161enje betona\n\n\" data-e-action-hash=\"#elementor-action%3Aaction%3Dlightbox%26settings%3DeyJpZCI6MTE5OSwidXJsIjoiaHR0cHM6XC9cL3Zlei1hbS5oclwvd3AtY29udGVudFwvdXBsb2Fkc1wvMjAyNVwvMDFcL2UwMjdmZjljLTFlMTYtNDVjMS1hOTc2LWQyZTU2ZmNiZTU0Yi5qcGciLCJzbGlkZXNob3ciOiIxODgwZDBiIn0%3D\">\n\t\t\t\t\t<div class=\"e-gallery-image elementor-gallery-item__image\" data-thumbnail=\"https:\/\/vez-am.hr\/wp-content\/uploads\/2025\/01\/e027ff9c-1e16-45c1-a976-d2e56fcbe54b-135x300.jpg\" data-width=\"135\" data-height=\"300\" aria-label=\"Dijamanto rezanje i bu\u0161enje betona\" role=\"img\" ><\/div>\n\t\t\t\t\t\t\t\t\t\t\t<div class=\"elementor-gallery-item__overlay\"><\/div>\n\t\t\t\t\t\t\t\t\t\t\t\t\t\t<\/a>\n\t\t\t\t\t<\/div>\n\t\t\t\t\t<\/div>\n\t\t\t\t<\/div>\n\t\t\t\t\t<\/div>\n\t\t\t\t<\/div>\n\t\t\t\t<\/div>\n\t\t","protected":false},"excerpt":{"rendered":"<p>Pogledajte na\u0161u galeriju projekata dijamantnog rezanja i bu\u0161enja betona. Uvjerite se u preciznost, kvalitetu i stru\u010dnost koja nas izdvaja u izvedbi zahtjevnih gra\u0111evinskih zadataka.<\/p>\n","protected":false},"author":1,"featured_media":1171,"parent":0,"menu_order":0,"comment_status":"closed","ping_status":"closed","template":"","meta":{"footnotes":""},"class_list":["post-1176","page","type-page","status-publish","has-post-thumbnail","hentry"],"_links":{"self":[{"href":"https:\/\/vez-am.hr\/index.php?rest_route=\/wp\/v2\/pages\/1176","targetHints":{"allow":["GET"]}}],"collection":[{"href":"https:\/\/vez-am.hr\/index.php?rest_route=\/wp\/v2\/pages"}],"about":[{"href":"https:\/\/vez-am.hr\/index.php?rest_route=\/wp\/v2\/types\/page"}],"author":[{"embeddable":true,"href":"https:\/\/vez-am.hr\/index.php?rest_route=\/wp\/v2\/users\/1"}],"replies":[{"embeddable":true,"href":"https:\/\/vez-am.hr\/index.php?rest_route=%2Fwp%2Fv2%2Fcomments&post=1176"}],"version-history":[{"count":7,"href":"https:\/\/vez-am.hr\/index.php?rest_route=\/wp\/v2\/pages\/1176\/revisions"}],"predecessor-version":[{"id":1202,"href":"https:\/\/vez-am.hr\/index.php?rest_route=\/wp\/v2\/pages\/1176\/revisions\/1202"}],"wp:featuredmedia":[{"embeddable":true,"href":"https:\/\/vez-am.hr\/index.php?rest_route=\/wp\/v2\/media\/1171"}],"wp:attachment":[{"href":"https:\/\/vez-am.hr\/index.php?rest_route=%2Fwp%2Fv2%2Fmedia&parent=1176"}],"curies":[{"name":"wp","href":"https:\/\/api.w.org\/{rel}","templated":true}]}}